{"id":3493,"date":"2020-02-07T02:16:44","date_gmt":"2020-02-07T02:16:44","guid":{"rendered":"https:\/\/demo.casethemes.net\/consultio-agency\/?page_id=3493"},"modified":"2021-08-25T16:56:58","modified_gmt":"2021-08-25T13:56:58","slug":"about-v-3","status":"publish","type":"page","link":"https:\/\/wttarge.com\/index.php\/about-v-3\/","title":{"rendered":"HAKKIMIZDA"},"content":{"rendered":"\t\t<div data-elementor-type=\"wp-page\" data-elementor-id=\"3493\" class=\"elementor elementor-3493\" data-elementor-settings=\"[]\">\n\t\t\t\t\t\t\t<div class=\"elementor-section-wrap\">\n\t\t\t\t\t        <section class=\"elementor-section elementor-top-section elementor-element elementor-element-64fd72b8 elementor-section-boxed elementor-section-height-default elementor-section-height-default\" data-id=\"64fd72b8\" data-element_type=\"section\">\n            \n                        <div class=\"elementor-container elementor-column-gap-default \">\n                    <div class=\"elementor-column elementor-col-50 elementor-top-column elementor-element elementor-element-305603d7\" data-id=\"305603d7\" data-element_type=\"column\">\n            <div class=\"elementor-widget-wrap elementor-element-populated\">\n                        \t\t<div class=\"elementor-element elementor-element-9da93fe line-sub-preset2 elementor-widget elementor-widget-ct_heading\" data-id=\"9da93fe\" data-element_type=\"widget\" data-widget_type=\"ct_heading.default\">\n\t\t\t\t<div class=\"elementor-widget-container\">\n\t\t\t<div class=\"ct-heading h-align- wow bounce sub-style1 ct-heading-left item-st-default\" data-wow-delay=\"ms\">\r\n\t\t\t<div class=\"item--sub-title style1 show-line\">\r\n            Hakk\u0131m\u0131zda                                <\/div>\r\n\t    <h3 class=\"item--title st-default\">\r\n                <span>\r\n                        Hayal etmeyi b\u0131rakma!\n<h6>\u00c7\u00fcnk\u00fc Hayal etmek , \u0130nsan\u0131 bulu\u015fa, bulu\u015flar ise ger\u00e7e\u011fe g\u00f6t\u00fcr\u00fcr. Hayal etmek b\u00fcy\u00fck  l\u00fctuflardan birisidir.<\/h6>\n                    <\/span>\r\n            <\/h3>\r\n<\/div>\t\t<\/div>\n\t\t\t\t<\/div>\n\t\t\t\t<div class=\"elementor-element elementor-element-398fa9be wow fadeInUp elementor-widget elementor-widget-text-editor\" data-id=\"398fa9be\" data-element_type=\"widget\" data-widget_type=\"text-editor.default\">\n\t\t\t\t<div class=\"elementor-widget-container\">\n\t\t\t\t\t\t\t\t<p>WttArge M\u00fchendislerinin yeni \u0131s\u0131tma teknolojilerini takip ederek \u00fcretti\u011fi \u00fcr\u00fcn\u00fcz, Basit\u00e7e elektrik motorunun \u00fcretti\u011fi torq kuvveti ile haznesindeki suyun \u0131s\u0131t\u0131lmas\u0131n\u0131 ve bu yolla \u0131s\u0131tma sistemleri ve s\u0131cak su kullan\u0131m sistemlerinin \u00e7al\u0131\u015ft\u0131r\u0131lmas\u0131 sa\u011flar.<\/p>\t\t\t\t\t\t<\/div>\n\t\t\t\t<\/div>\n\t\t\t\t<div class=\"elementor-element elementor-element-311bc37 wow fadeInUp elementor-widget elementor-widget-text-editor\" data-id=\"311bc37\" data-element_type=\"widget\" data-widget_type=\"text-editor.default\">\n\t\t\t\t<div class=\"elementor-widget-container\">\n\t\t\t\t\t\t\t\t<p>\u00a0Son derece ekonomik son derece \u00e7evrecidir. Hi\u00e7 bir at\u0131k \u00fcretmedi\u011fi gibi, Is\u0131l radyasyon ve tehlikede arz etmez.<\/p>\t\t\t\t\t\t<\/div>\n\t\t\t\t<\/div>\n\t\t\t\t<div class=\"elementor-element elementor-element-6ef13cfd elementor-widget elementor-widget-ct_list\" data-id=\"6ef13cfd\" data-element_type=\"widget\" data-widget_type=\"ct_list.default\">\n\t\t\t\t<div class=\"elementor-widget-container\">\n\t\t\t    <div class=\"ct-list style2 tow-column\">\r\n                    <div class=\"ct-list-item wow fadeInUp\">\r\n            \t<div class=\"ct-list-icon\"><i class=\"fac fac-check-circle\"><\/i><\/div>\r\n            \t<div class=\"ct-list-meta\">\r\n\t            \t<div class=\"ct-list-desc\">\r\n\t            \t\tDaha ye\u015fil bir D\u00fcnya \u0130\u00e7in\t            \t<\/div>\r\n\t            <\/div>\r\n           <\/div>\r\n                    <div class=\"ct-list-item wow fadeInUp\">\r\n            \t<div class=\"ct-list-icon\"><i class=\"fac fac-check-circle\"><\/i><\/div>\r\n            \t<div class=\"ct-list-meta\">\r\n\t            \t<div class=\"ct-list-desc\">\r\n\t            \t\tH\u0131zl\u0131 \u0131s\u0131tma sistemi\t            \t<\/div>\r\n\t            <\/div>\r\n           <\/div>\r\n                    <div class=\"ct-list-item wow fadeInUp\">\r\n            \t<div class=\"ct-list-icon\"><i class=\"fac fac-check-circle\"><\/i><\/div>\r\n            \t<div class=\"ct-list-meta\">\r\n\t            \t<div class=\"ct-list-desc\">\r\n\t            \t\tSizin i\u00e7in ekonomik bir yard\u0131mc\u0131\t            \t<\/div>\r\n\t            <\/div>\r\n           <\/div>\r\n                    <div class=\"ct-list-item wow fadeInUp\">\r\n            \t<div class=\"ct-list-icon\"><i class=\"fac fac-check-circle\"><\/i><\/div>\r\n            \t<div class=\"ct-list-meta\">\r\n\t            \t<div class=\"ct-list-desc\">\r\n\t            \t\tYa\u015fam konforunuz i\u00e7in \u00e7al\u0131\u015f\u0131r\t            \t<\/div>\r\n\t            <\/div>\r\n           <\/div>\r\n            <\/div>\r\n\t\t<\/div>\n\t\t\t\t<\/div>\n\t\t\t\t<div class=\"elementor-element elementor-element-1fb7224d wow fadeInUp elementor-widget elementor-widget-text-editor\" data-id=\"1fb7224d\" data-element_type=\"widget\" data-widget_type=\"text-editor.default\">\n\t\t\t\t<div class=\"elementor-widget-container\">\n\t\t\t\t\t\t\t\t<div class=\"about-call\"><p>Sorular\u0131n\u0131z i\u00e7in bize <a href=\"info@\">yaz\u0131n\u0131z<\/a><\/p><ul><li>0 552 649 91 09<\/li><\/ul><\/div>\t\t\t\t\t\t<\/div>\n\t\t\t\t<\/div>\n\t\t\t\t<div class=\"elementor-element elementor-element-78f3a28d elementor-widget elementor-widget-image\" data-id=\"78f3a28d\" data-element_type=\"widget\" data-widget_type=\"image.default\">\n\t\t\t\t<div class=\"elementor-widget-container\">\n\t\t\t\t\t\t\t\t\t\t\t\t\t\t\t<img decoding=\"async\" width=\"350\" height=\"1\" src=\"https:\/\/wttarge.com\/wp-content\/uploads\/2019\/12\/about-gap.png\" class=\"attachment-full size-full\" alt=\"\" srcset=\"https:\/\/wttarge.com\/wp-content\/uploads\/2019\/12\/about-gap.png 350w, https:\/\/wttarge.com\/wp-content\/uploads\/2019\/12\/about-gap-300x1.png 300w, https:\/\/wttarge.com\/wp-content\/uploads\/2019\/12\/about-gap-150x1.png 150w\" sizes=\"(max-width: 350px) 100vw, 350px\" \/>\t\t\t\t\t\t\t\t\t\t\t\t\t\t\t<\/div>\n\t\t\t\t<\/div>\n\t\t\t\t<div class=\"elementor-element elementor-element-78e20b32 elementor-widget elementor-widget-ct_signature\" data-id=\"78e20b32\" data-element_type=\"widget\" data-widget_type=\"ct_signature.default\">\n\t\t\t\t<div class=\"elementor-widget-container\">\n\t\t\t<div class=\"ct-signature1 wow fadeInUp style1\">\r\n\t        <div class=\"signature-image\">\r\n        \t<img decoding=\"async\" width=\"95\" height=\"85\" src=\"https:\/\/wttarge.com\/wp-content\/uploads\/2019\/12\/signature-02.png\" class=\"attachment-full\" alt=\"\" \/>        <\/div>\r\n        <div class=\"signature-meta\">\r\n    \t<h3>B\u00fclent \u00c7ak\u0131<\/h3>\r\n    \t<span>(Kurucu-M\u00fchendis)<\/span>\r\n    <\/div>\r\n<\/div>\r\n\t\t<\/div>\n\t\t\t\t<\/div>\n\t\t            <\/div>\n        <\/div>\n                <div class=\"elementor-column elementor-col-50 elementor-top-column elementor-element elementor-element-1bb8bef0\" data-id=\"1bb8bef0\" data-element_type=\"column\">\n            <div class=\"elementor-widget-wrap elementor-element-populated\">\n                        \t\t<div class=\"elementor-element elementor-element-40e6861c wow fadeInRight elementor-widget elementor-widget-ct_banner\" data-id=\"40e6861c\" data-element_type=\"widget\" data-widget_type=\"ct_banner.default\">\n\t\t\t\t<div class=\"elementor-widget-container\">\n\t\t\t<div class=\"ct-banner1\">\r\n\t<div class=\"ct-banner-imge\">\r\n    \t<img decoding=\"async\" width=\"1201\" height=\"1600\" src=\"https:\/\/wttarge.com\/wp-content\/uploads\/2021\/08\/WhatsApp-Image-2021-08-20-at-15.51.20.jpeg\" class=\"attachment-full size-full\" alt=\"\" \/>        <h3 class=\"ct-banner-title\">35 Y\u0131ll\u0131k tecr\u00fcbe<\/h3>\r\n    <\/div>\r\n<\/div>\t\t<\/div>\n\t\t\t\t<\/div>\n\t\t            <\/div>\n        <\/div>\n                            <\/div>\n        <\/section>\n                <section class=\"elementor-section elementor-top-section elementor-element elementor-element-c752131 elementor-section-stretched elementor-section-full_width elementor-section-height-default elementor-section-height-default\" data-id=\"c752131\" data-element_type=\"section\" data-settings=\"{&quot;stretch_section&quot;:&quot;section-stretched&quot;,&quot;background_background&quot;:&quot;classic&quot;}\">\n            \n                        <div class=\"elementor-container elementor-column-gap-no \">\n                    <div class=\"elementor-column elementor-col-50 elementor-top-column elementor-element elementor-element-b425f4f\" data-id=\"b425f4f\" data-element_type=\"column\">\n            <div class=\"elementor-widget-wrap\">\n                                    <\/div>\n        <\/div>\n                <div class=\"elementor-column elementor-col-50 elementor-top-column elementor-element elementor-element-ce65c69 col-offset-right\" data-id=\"ce65c69\" data-element_type=\"column\" data-settings=\"{&quot;background_background&quot;:&quot;classic&quot;}\">\n            <div class=\"elementor-widget-wrap elementor-element-populated\">\n                    <div class=\"elementor-background-overlay\"><\/div>\n                        \t\t<div class=\"elementor-element elementor-element-7af3a6b elementor-widget elementor-widget-spacer\" data-id=\"7af3a6b\" data-element_type=\"widget\" data-widget_type=\"spacer.default\">\n\t\t\t\t<div class=\"elementor-widget-container\">\n\t\t\t\t\t<div class=\"elementor-spacer\">\n\t\t\t<div class=\"elementor-spacer-inner\"><\/div>\n\t\t<\/div>\n\t\t\t\t<\/div>\n\t\t\t\t<\/div>\n\t\t\t\t<div class=\"elementor-element elementor-element-95f59e2 color-gradient-from elementor-widget elementor-widget-ct_text_editor\" data-id=\"95f59e2\" data-element_type=\"widget\" data-widget_type=\"ct_text_editor.default\">\n\t\t\t\t<div class=\"elementor-widget-container\">\n\t\t\t<div id=\"ct_text_editor-95f59e2\" class=\"ct-text-editor \" data-wow-delay=\"ms\">\n\t<div class=\"ct-inline-css\"  data-css=\"\n        \t\t\">\n\n    <\/div>\n\t<div class=\"ct-text-editor elementor-clearfix\">\n\t\t<p>Yenilik\u00e7i Teknoloji<\/p>\t\t\n\t<\/div>\n<\/div>\t\t<\/div>\n\t\t\t\t<\/div>\n\t\t\t\t<div class=\"elementor-element elementor-element-9211325 elementor-widget elementor-widget-ct_heading\" data-id=\"9211325\" data-element_type=\"widget\" data-widget_type=\"ct_heading.default\">\n\t\t\t\t<div class=\"elementor-widget-container\">\n\t\t\t<div class=\"ct-heading h-align-  sub-style1 ct-heading-left item-st-default\" data-wow-delay=\"ms\">\r\n\t    <h3 class=\"item--title st-default\">\r\n                <span>\r\n                        WTT-ARGE<br \/>\nIs\u0131tma Teknolojisi                    <\/span>\r\n            <\/h3>\r\n<\/div>\t\t<\/div>\n\t\t\t\t<\/div>\n\t\t\t\t<div class=\"elementor-element elementor-element-58fe444 elementor-widget elementor-widget-ct_text_editor\" data-id=\"58fe444\" data-element_type=\"widget\" data-widget_type=\"ct_text_editor.default\">\n\t\t\t\t<div class=\"elementor-widget-container\">\n\t\t\t<div id=\"ct_text_editor-58fe444\" class=\"ct-text-editor \" data-wow-delay=\"ms\">\n\t<div class=\"ct-inline-css\"  data-css=\"\n        \t\t\">\n\n    <\/div>\n\t<div class=\"ct-text-editor elementor-clearfix\">\n\t\t<p>Hakk\u0131m\u0131zda detayl\u0131 bilgi almak i\u00e7in bize hemen ula\u015f\u0131n&#8230; Size hizmet etmekten gurur duyuyoruz<\/p>\t\t\n\t<\/div>\n<\/div>\t\t<\/div>\n\t\t\t\t<\/div>\n\t\t\t\t<div class=\"elementor-element elementor-element-03068b7 elementor-align-left elementor-widget elementor-widget-ct_button\" data-id=\"03068b7\" data-element_type=\"widget\" data-widget_type=\"ct_button.default\">\n\t\t\t\t<div class=\"elementor-widget-container\">\n\t\t\t<div class=\"ct-button-wrapper ct-button-layout1\">\r\n            <span class=\"ct-icon-active\"><\/span>\r\n        <a href=\"https:\/\/demo.casethemes.net\/consultio-agency\/contact\/\" class=\"btn btn-default icon-active btn-inline-block  \" data-wow-delay=\"ms\">\r\n                            <span class=\"ct-button-icon ct-align-icon-right\">\r\n                <i aria-hidden=\"true\" class=\"fas fa-angle-right\"><\/i>            <\/span>\r\n                <span class=\"ct-button-text\">\u0130leti\u015fim<\/span>\r\n    <\/a>\r\n<\/div>\t\t<\/div>\n\t\t\t\t<\/div>\n\t\t\t\t<div class=\"elementor-element elementor-element-202a22e elementor-widget elementor-widget-spacer\" data-id=\"202a22e\" data-element_type=\"widget\" data-widget_type=\"spacer.default\">\n\t\t\t\t<div class=\"elementor-widget-container\">\n\t\t\t\t\t<div class=\"elementor-spacer\">\n\t\t\t<div class=\"elementor-spacer-inner\"><\/div>\n\t\t<\/div>\n\t\t\t\t<\/div>\n\t\t\t\t<\/div>\n\t\t            <\/div>\n        <\/div>\n                            <\/div>\n        <\/section>\n                <section class=\"elementor-section elementor-top-section elementor-element elementor-element-7044b92 elementor-section-stretched elementor-section-boxed elementor-section-height-default elementor-section-height-default\" data-id=\"7044b92\" data-element_type=\"section\" data-settings=\"{&quot;stretch_section&quot;:&quot;section-stretched&quot;,&quot;background_background&quot;:&quot;classic&quot;}\">\n            \n                        <div class=\"elementor-container elementor-column-gap-extended \">\n                    <div class=\"elementor-column elementor-col-50 elementor-top-column elementor-element elementor-element-43e18f3\" data-id=\"43e18f3\" data-element_type=\"column\">\n            <div class=\"elementor-widget-wrap elementor-element-populated\">\n                        \t\t<div class=\"elementor-element elementor-element-b570126 elementor-widget elementor-widget-ct_tabs\" data-id=\"b570126\" data-element_type=\"widget\" data-widget_type=\"ct_tabs.default\">\n\t\t\t\t<div class=\"elementor-widget-container\">\n\t\t\t            <div class=\"ct-tabs ct-tabs--layout2 type-vertical style1\">\n                <div class=\"ct-tabs-title\">\n                                            <span class=\"ct-tab-title active\" data-target=\"#ct_tabs-b570126-91aeee6\"><span>35 Y\u0131ll\u0131k \u00c7al\u0131\u015fma<\/span><\/span>\n                                            <span class=\"ct-tab-title\" data-target=\"#ct_tabs-b570126-8303bab\"><span>Misyonumuz<\/span><\/span>\n                                            <span class=\"ct-tab-title\" data-target=\"#ct_tabs-b570126-bdab1d1\"><span>Vizyonumuz<\/span><\/span>\n                                    <\/div>\n\n                <div class=\"ct-tabs-content\">\n                                            <div class=\"ct-tab-content \" id=\"ct_tabs-b570126-91aeee6\" style=\"display:block;\"><div class=\"tab-sub\"><p>WttArge M\u00fchendislerinin yeni \u0131s\u0131tma teknolojilerini takip ederek \u00fcretti\u011fi \u00fcr\u00fcn\u00fcz, Basit\u00e7e elektrik motorunun \u00fcretti\u011fi torq kuvveti ile haznesindeki suyun \u0131s\u0131t\u0131lmas\u0131n\u0131 ve bu yolla \u0131s\u0131tma sistemleri ve s\u0131cak su kullan\u0131m sistemlerinin \u00e7al\u0131\u015ft\u0131r\u0131lmas\u0131 sa\u011flar.<\/p><\/div><p>\u00a0Son derece ekonomik son derece \u00e7evrecidir. Hi\u00e7 bir at\u0131k \u00fcretmedi\u011fi gibi, Is\u0131l radyasyon ve tehlikede arz etmez..<\/p><\/div>\n                                            <div class=\"ct-tab-content \" id=\"ct_tabs-b570126-8303bab\"><div class=\"tab-sub\">Bu Alan .<\/div><p>Haz\u0131rlan\u0131yor.<\/p><\/div>\n                                            <div class=\"ct-tab-content \" id=\"ct_tabs-b570126-bdab1d1\"><div class=\"tab-sub\">Bu Alan.<\/div><p>Haz\u0131rlan\u0131yor.<\/p><\/div>\n                                    <\/div>\n            <\/div>\n            \t\t<\/div>\n\t\t\t\t<\/div>\n\t\t            <\/div>\n        <\/div>\n                <div class=\"elementor-column elementor-col-50 elementor-top-column elementor-element elementor-element-c7ad8c1\" data-id=\"c7ad8c1\" data-element_type=\"column\">\n            <div class=\"elementor-widget-wrap\">\n                                    <\/div>\n        <\/div>\n                            <\/div>\n        <\/section>\n        \t\t\t\t<\/div>\n\t\t\t\t\t<\/div>\n\t\t","protected":false},"excerpt":{"rendered":"<p>Hakk\u0131m\u0131zda Hayal etmeyi b\u0131rakma! \u00c7\u00fcnk\u00fc Hayal etmek , \u0130nsan\u0131 bulu\u015fa, bulu\u015flar ise ger\u00e7e\u011fe g\u00f6t\u00fcr\u00fcr. Hayal etmek b\u00fcy\u00fck l\u00fctuflardan birisidir. WttArge M\u00fchendislerinin yeni \u0131s\u0131tma teknolojilerini takip ederek \u00fcretti\u011fi \u00fcr\u00fcn\u00fcz, Basit\u00e7e elektrik motorunun \u00fcretti\u011fi torq kuvveti ile haznesindeki suyun \u0131s\u0131t\u0131lmas\u0131n\u0131 ve bu yolla \u0131s\u0131tma sistemleri ve s\u0131cak su kullan\u0131m sistemlerinin \u00e7al\u0131\u015ft\u0131r\u0131lmas\u0131 sa\u011flar. &nbsp;Son derece ekonomik son derece [&hellip;]<\/p>\n","protected":false},"author":1,"featured_media":0,"parent":0,"menu_order":0,"comment_status":"closed","ping_status":"closed","template":"","meta":{"footnotes":""},"class_list":["post-3493","page","type-page","status-publish","hentry"],"_links":{"self":[{"href":"https:\/\/wttarge.com\/index.php\/wp-json\/wp\/v2\/pages\/3493","targetHints":{"allow":["GET"]}}],"collection":[{"href":"https:\/\/wttarge.com\/index.php\/wp-json\/wp\/v2\/pages"}],"about":[{"href":"https:\/\/wttarge.com\/index.php\/wp-json\/wp\/v2\/types\/page"}],"author":[{"embeddable":true,"href":"https:\/\/wttarge.com\/index.php\/wp-json\/wp\/v2\/users\/1"}],"replies":[{"embeddable":true,"href":"https:\/\/wttarge.com\/index.php\/wp-json\/wp\/v2\/comments?post=3493"}],"version-history":[{"count":37,"href":"https:\/\/wttarge.com\/index.php\/wp-json\/wp\/v2\/pages\/3493\/revisions"}],"predecessor-version":[{"id":5635,"href":"https:\/\/wttarge.com\/index.php\/wp-json\/wp\/v2\/pages\/3493\/revisions\/5635"}],"wp:attachment":[{"href":"https:\/\/wttarge.com\/index.php\/wp-json\/wp\/v2\/media?parent=3493"}],"curies":[{"name":"wp","href":"https:\/\/api.w.org\/{rel}","templated":true}]}}